{"id":3526,"date":"2024-06-19T01:52:33","date_gmt":"2024-06-19T01:52:33","guid":{"rendered":"https:\/\/socceysport.com\/?page_id=3526"},"modified":"2024-06-19T01:55:19","modified_gmt":"2024-06-19T01:55:19","slug":"politica-de-cookies","status":"publish","type":"page","link":"https:\/\/socceysport.com\/en\/politica-de-cookies\/","title":{"rendered":"Politica de Cookies"},"content":{"rendered":"<div data-elementor-type=\"wp-page\" data-elementor-id=\"3526\" class=\"elementor elementor-3526\">\n\t\t\t\t<div class=\"elementor-element elementor-element-27d0afb e-flex e-con-boxed e-con e-parent\" data-id=\"27d0afb\" data-element_type=\"container\" data-settings=\"{&quot;_ha_eqh_enable&quot;:false}\">\n\t\t\t\t\t<div class=\"e-con-inner\">\n\t\t\t\t<div class=\"elementor-element elementor-element-d92e4a3 elementor-widget elementor-widget-html\" data-id=\"d92e4a3\" data-element_type=\"widget\" data-widget_type=\"html.default\">\n\t\t\t\t<div class=\"elementor-widget-container\">\n\t\t\t<style>\r\n    a.cky-banner-element {\r\n        padding: 8px 30px;\r\n        background: #F8F9FA;\r\n        color: #858A8F;\r\n        border: 1px solid #DEE2E6;\r\n        box-sizing: border-box;\r\n        border-radius: 2px;\r\n        cursor: pointer;\r\n}\r\n<\/style>\r\n<h1 class=\"cookie-policy-h1\">Pol\u00edtica de Cookies<\/h1>\r\n<p>\r\n    Fecha de creaci\u00f3n: 19-Jun-2024 <br>\r\n    Ultima actualizaci\u00f3n: 19-Jun-2024\r\n<\/p>\r\n\r\n&nbsp;\r\n<h5>\u00bfQu\u00e9 son las cookies?<\/h5>\r\n<div class=\"cookie-policy-p\"><p>Esta Pol\u00edtica de cookies explica qu\u00e9 son las cookies y c\u00f3mo las usamos, los tipos de cookies que utilizamos, es decir, la informaci\u00f3n que recopilamos mediante cookies y c\u00f3mo se usa esa informaci\u00f3n, y c\u00f3mo administrar la configuraci\u00f3n de las cookies.<\/p> <p>Las cookies son peque\u00f1os archivos de texto que se utilizan para almacenar peque\u00f1os fragmentos de informaci\u00f3n. Se almacenan en su dispositivo cuando el sitio web se carga en su navegador. Estas cookies nos ayudan a que el sitio web funcione correctamente, hacerlo m\u00e1s seguro, brindar una mejor experiencia de usuario y comprender c\u00f3mo funciona el sitio web y analizar qu\u00e9 funciona y d\u00f3nde necesita mejorar.<\/p><\/div>\r\n\r\n&nbsp;\r\n<h5>\u00bfC\u00f3mo usamos las cookies?<\/h5>\r\n<div class=\"cookie-policy-p\"><p>Como la mayor\u00eda de los servicios en l\u00ednea, mi sitio web utiliza cookies propias y de terceros para varios prop\u00f3sitos. Las cookies de origen son en su mayor\u00eda necesarias para que el sitio web funcione correctamente y no recopilan ninguno de tus datos de identificaci\u00f3n personal.<\/p> <p>Las cookies de terceros utilizadas en mi sitio web son principalmente para comprender c\u00f3mo funciona el sitio web, c\u00f3mo interact\u00faas con mi  sitio web, mantener mis servicios seguros, proporcionar anuncios que sean relevantes para ti y, en general, brindarte una mejor experiencia de usuario.<\/p><\/div>\r\n\r\n\r\n&nbsp;\r\n    <h5>Tipos de cookies que usamos<\/h5>\r\n\r\n    <div class=\"cky-audit-table-element\"><\/div>\r\n\r\n&nbsp;\r\n    <h5 style=\"margin-bottom:20px;\">Ajuste de cookies<\/h5>\r\n\r\n    <a class=\"cky-banner-element\">Cookie Settings<\/a> <br\/>\r\n\r\n    <div><p>Puedes cambiar tus preferencias de cookies en cualquier momento haciendo clic en el bot\u00f3n de arriba. Esto te permitir\u00e1 volver a visitar el banner de consentimiento de cookies y cambiar tus preferencias o retirar tu consentimiento de inmediato.<\/p><p>Adem\u00e1s de esto, diferentes navegadores ofrecen diferentes m\u00e9todos para bloquear y eliminar las cookies utilizadas por los sitios web. Puedes cambiar la configuraci\u00f3n de tu navegador para bloquear\/eliminar las cookies. A continuaci\u00f3n se enumeran los enlaces a los documentos de soporte sobre c\u00f3mo administrar y eliminar cookies de los principales navegadores web.<\/p><p>Chrome: <a target=\"_blank\" rel=\"noopener noreferrer\" href=\"https:\/\/support.google.com\/accounts\/answer\/32050\">https:\/\/support.google.com\/accounts\/answer\/32050<\/a><\/p><p>Safari: <a target=\"_blank\" rel=\"noopener noreferrer\" href=\"https:\/\/support.apple.com\/en-in\/guide\/safari\/sfri11471\/mac\">https:\/\/support.apple.com\/en-in\/guide\/safari\/sfri11471\/mac<\/a><\/p><p>Firefox: <a target=\"_blank\" rel=\"noopener noreferrer\" href=\"https:\/\/support.mozilla.org\/en-US\/kb\/clear-cookies-and-site-data-firefox?redirectslug=delete-cookies-remove-info-websites-stored&amp;redirectlocale=en-US\">https:\/\/support.mozilla.org\/en-US\/kb\/clear-cookies-and-site-data-firefox?redirectslug=delete-cookies-remove-info-websites-stored&amp;redirectlocale=en-US<\/a><\/p><p>Internet Explorer: <a target=\"_blank\" rel=\"noopener noreferrer\" href=\"https:\/\/support.microsoft.com\/en-us\/topic\/how-to-delete-cookie-files-in-internet-explorer-bca9446f-d873-78de-77ba-d42645fa52fc\">https:\/\/support.microsoft.com\/en-us\/topic\/how-to-delete-cookie-files-in-internet-explorer-bca9446f-d873-78de-77ba-d42645fa52fc<\/a><\/p><p>Si est\u00e1s utilizando cualquier otro navegador web, visite los documentos de soporte oficiales de tu navegador.<\/p><\/div>\r\n\r\n\r\n&nbsp;\r\n<p class=\"cookie-policy-p\">\r\n    Cookie Policy Generated By  <a target=\"_blank\" href=\"https:\/\/www.cookieyes.com\/?utm_source=CP&utm_medium=footer&utm_campaign=UW\">CookieYes - Cookie Policy Generator<\/a>.\r\n<\/p>\t\t<\/div>\n\t\t\t\t<\/div>\n\t\t\t\t\t<\/div>\n\t\t\t\t<\/div>\n\t\t\t\t<\/div>","protected":false},"excerpt":{"rendered":"<p>Pol\u00edtica de Cookies Fecha de creaci\u00f3n: 19-Jun-2024 Ultima actualizaci\u00f3n: 19-Jun-2024 &nbsp; \u00bfQu\u00e9 son las cookies? Esta Pol\u00edtica de cookies explica qu\u00e9 son las cookies y c\u00f3mo las usamos, los tipos de cookies que utilizamos, es decir, la informaci\u00f3n que recopilamos mediante cookies y c\u00f3mo se usa esa informaci\u00f3n, y c\u00f3mo administrar la configuraci\u00f3n de las [&hellip;]<\/p>","protected":false},"author":2,"featured_media":0,"parent":0,"menu_order":0,"comment_status":"closed","ping_status":"closed","template":"","meta":{"site-sidebar-layout":"no-sidebar","site-content-layout":"page-builder","ast-site-content-layout":"full-width-container","site-content-style":"default","site-sidebar-style":"default","ast-global-header-display":"","ast-banner-title-visibility":"","ast-main-header-display":"","ast-hfb-above-header-display":"","ast-hfb-below-header-display":"","ast-hfb-mobile-header-display":"","site-post-title":"disabled","ast-breadcrumbs-content":"","ast-featured-img":"disabled","footer-sml-layout":"","theme-transparent-header-meta":"","adv-header-id-meta":"","stick-header-meta":"","header-above-stick-meta":"","header-main-stick-meta":"","header-below-stick-meta":"","astra-migrate-meta-layouts":"set","ast-page-background-enabled":"default","ast-page-background-meta":{"desktop":{"background-color":"","background-image":"","background-repeat":"repeat","background-position":"center center","background-size":"auto","background-attachment":"scroll","background-type":"","background-media":"","overlay-type":"","overlay-color":"","overlay-opacity":"","overlay-gradient":""},"tablet":{"background-color":"","background-image":"","background-repeat":"repeat","background-position":"center center","background-size":"auto","background-attachment":"scroll","background-type":"","background-media":"","overlay-type":"","overlay-color":"","overlay-opacity":"","overlay-gradient":""},"mobile":{"background-color":"","background-image":"","background-repeat":"repeat","background-position":"center center","background-size":"auto","background-attachment":"scroll","background-type":"","background-media":"","overlay-type":"","overlay-color":"","overlay-opacity":"","overlay-gradient":""}},"ast-content-background-meta":{"desktop":{"background-color":"var(--ast-global-color-5)","background-image":"","background-repeat":"repeat","background-position":"center center","background-size":"auto","background-attachment":"scroll","background-type":"","background-media":"","overlay-type":"","overlay-color":"","overlay-opacity":"","overlay-gradient":""},"tablet":{"background-color":"var(--ast-global-color-5)","background-image":"","background-repeat":"repeat","background-position":"center center","background-size":"auto","background-attachment":"scroll","background-type":"","background-media":"","overlay-type":"","overlay-color":"","overlay-opacity":"","overlay-gradient":""},"mobile":{"background-color":"var(--ast-global-color-5)","background-image":"","background-repeat":"repeat","background-position":"center center","background-size":"auto","background-attachment":"scroll","background-type":"","background-media":"","overlay-type":"","overlay-color":"","overlay-opacity":"","overlay-gradient":""}},"footnotes":""},"yoast_head":"<!-- This site is optimized with the Yoast SEO plugin v22.8 - https:\/\/yoast.com\/wordpress\/plugins\/seo\/ -->\n<title>Politica de Cookies | Soccey<\/title>\n<meta name=\"robots\" content=\"index, follow, max-snippet:-1, max-image-preview:large, max-video-preview:-1\" \/>\n<link rel=\"canonical\" href=\"https:\/\/socceysport.com\/en\/politica-de-cookies\/\" \/>\n<meta property=\"og:locale\" content=\"en_US\" \/>\n<meta property=\"og:type\" content=\"article\" \/>\n<meta property=\"og:title\" content=\"Politica de Cookies | Soccey\" \/>\n<meta property=\"og:description\" content=\"Pol\u00edtica de Cookies Fecha de creaci\u00f3n: 19-Jun-2024 Ultima actualizaci\u00f3n: 19-Jun-2024 &nbsp; \u00bfQu\u00e9 son las cookies? Esta Pol\u00edtica de cookies explica qu\u00e9 son las cookies y c\u00f3mo las usamos, los tipos de cookies que utilizamos, es decir, la informaci\u00f3n que recopilamos mediante cookies y c\u00f3mo se usa esa informaci\u00f3n, y c\u00f3mo administrar la configuraci\u00f3n de las [&hellip;]\" \/>\n<meta property=\"og:url\" content=\"https:\/\/socceysport.com\/en\/politica-de-cookies\/\" \/>\n<meta property=\"og:site_name\" content=\"Soccey\" \/>\n<meta property=\"article:modified_time\" content=\"2024-06-19T01:55:19+00:00\" \/>\n<meta property=\"og:image\" content=\"https:\/\/socceysport.com\/wp-content\/uploads\/2024\/05\/Logo-Soccey-Centro.jpg\" \/>\n\t<meta property=\"og:image:width\" content=\"2500\" \/>\n\t<meta property=\"og:image:height\" content=\"1033\" \/>\n\t<meta property=\"og:image:type\" content=\"image\/jpeg\" \/>\n<meta name=\"twitter:card\" content=\"summary_large_image\" \/>\n<meta name=\"twitter:label1\" content=\"Est. reading time\" \/>\n\t<meta name=\"twitter:data1\" content=\"4 minutes\" \/>\n<script type=\"application\/ld+json\" class=\"yoast-schema-graph\">{\"@context\":\"https:\/\/schema.org\",\"@graph\":[{\"@type\":\"WebPage\",\"@id\":\"https:\/\/socceysport.com\/politica-de-cookies\/\",\"url\":\"https:\/\/socceysport.com\/politica-de-cookies\/\",\"name\":\"Politica de Cookies | Soccey\",\"isPartOf\":{\"@id\":\"https:\/\/socceysport.com\/#website\"},\"datePublished\":\"2024-06-19T01:52:33+00:00\",\"dateModified\":\"2024-06-19T01:55:19+00:00\",\"breadcrumb\":{\"@id\":\"https:\/\/socceysport.com\/politica-de-cookies\/#breadcrumb\"},\"inLanguage\":\"en-US\",\"potentialAction\":[{\"@type\":\"ReadAction\",\"target\":[\"https:\/\/socceysport.com\/politica-de-cookies\/\"]}]},{\"@type\":\"BreadcrumbList\",\"@id\":\"https:\/\/socceysport.com\/politica-de-cookies\/#breadcrumb\",\"itemListElement\":[{\"@type\":\"ListItem\",\"position\":1,\"name\":\"Portada\",\"item\":\"https:\/\/socceysport.com\/\"},{\"@type\":\"ListItem\",\"position\":2,\"name\":\"Politica de Cookies\"}]},{\"@type\":\"WebSite\",\"@id\":\"https:\/\/socceysport.com\/#website\",\"url\":\"https:\/\/socceysport.com\/\",\"name\":\"Soccey\",\"description\":\"Soccey Sport\",\"publisher\":{\"@id\":\"https:\/\/socceysport.com\/#organization\"},\"potentialAction\":[{\"@type\":\"SearchAction\",\"target\":{\"@type\":\"EntryPoint\",\"urlTemplate\":\"https:\/\/socceysport.com\/?s={search_term_string}\"},\"query-input\":\"required name=search_term_string\"}],\"inLanguage\":\"en-US\"},{\"@type\":\"Organization\",\"@id\":\"https:\/\/socceysport.com\/#organization\",\"name\":\"Soccey\",\"url\":\"https:\/\/socceysport.com\/\",\"logo\":{\"@type\":\"ImageObject\",\"inLanguage\":\"en-US\",\"@id\":\"https:\/\/socceysport.com\/#\/schema\/logo\/image\/\",\"url\":\"https:\/\/socceysport.com\/wp-content\/uploads\/2024\/05\/Logo-Soccey-Centro.jpg\",\"contentUrl\":\"https:\/\/socceysport.com\/wp-content\/uploads\/2024\/05\/Logo-Soccey-Centro.jpg\",\"width\":2500,\"height\":1033,\"caption\":\"Soccey\"},\"image\":{\"@id\":\"https:\/\/socceysport.com\/#\/schema\/logo\/image\/\"}}]}<\/script>\n<!-- \/ Yoast SEO plugin. -->","yoast_head_json":{"title":"Politica de Cookies | Soccey","robots":{"index":"index","follow":"follow","max-snippet":"max-snippet:-1","max-image-preview":"max-image-preview:large","max-video-preview":"max-video-preview:-1"},"canonical":"https:\/\/socceysport.com\/en\/politica-de-cookies\/","og_locale":"en_US","og_type":"article","og_title":"Politica de Cookies | Soccey","og_description":"Pol\u00edtica de Cookies Fecha de creaci\u00f3n: 19-Jun-2024 Ultima actualizaci\u00f3n: 19-Jun-2024 &nbsp; \u00bfQu\u00e9 son las cookies? Esta Pol\u00edtica de cookies explica qu\u00e9 son las cookies y c\u00f3mo las usamos, los tipos de cookies que utilizamos, es decir, la informaci\u00f3n que recopilamos mediante cookies y c\u00f3mo se usa esa informaci\u00f3n, y c\u00f3mo administrar la configuraci\u00f3n de las [&hellip;]","og_url":"https:\/\/socceysport.com\/en\/politica-de-cookies\/","og_site_name":"Soccey","article_modified_time":"2024-06-19T01:55:19+00:00","og_image":[{"width":2500,"height":1033,"url":"https:\/\/socceysport.com\/wp-content\/uploads\/2024\/05\/Logo-Soccey-Centro.jpg","type":"image\/jpeg"}],"twitter_card":"summary_large_image","twitter_misc":{"Est. reading time":"4 minutes"},"schema":{"@context":"https:\/\/schema.org","@graph":[{"@type":"WebPage","@id":"https:\/\/socceysport.com\/politica-de-cookies\/","url":"https:\/\/socceysport.com\/politica-de-cookies\/","name":"Politica de Cookies | Soccey","isPartOf":{"@id":"https:\/\/socceysport.com\/#website"},"datePublished":"2024-06-19T01:52:33+00:00","dateModified":"2024-06-19T01:55:19+00:00","breadcrumb":{"@id":"https:\/\/socceysport.com\/politica-de-cookies\/#breadcrumb"},"inLanguage":"en-US","potentialAction":[{"@type":"ReadAction","target":["https:\/\/socceysport.com\/politica-de-cookies\/"]}]},{"@type":"BreadcrumbList","@id":"https:\/\/socceysport.com\/politica-de-cookies\/#breadcrumb","itemListElement":[{"@type":"ListItem","position":1,"name":"Portada","item":"https:\/\/socceysport.com\/"},{"@type":"ListItem","position":2,"name":"Politica de Cookies"}]},{"@type":"WebSite","@id":"https:\/\/socceysport.com\/#website","url":"https:\/\/socceysport.com\/","name":"Soccey","description":"Soccey Sport","publisher":{"@id":"https:\/\/socceysport.com\/#organization"},"potentialAction":[{"@type":"SearchAction","target":{"@type":"EntryPoint","urlTemplate":"https:\/\/socceysport.com\/?s={search_term_string}"},"query-input":"required name=search_term_string"}],"inLanguage":"en-US"},{"@type":"Organization","@id":"https:\/\/socceysport.com\/#organization","name":"Soccey","url":"https:\/\/socceysport.com\/","logo":{"@type":"ImageObject","inLanguage":"en-US","@id":"https:\/\/socceysport.com\/#\/schema\/logo\/image\/","url":"https:\/\/socceysport.com\/wp-content\/uploads\/2024\/05\/Logo-Soccey-Centro.jpg","contentUrl":"https:\/\/socceysport.com\/wp-content\/uploads\/2024\/05\/Logo-Soccey-Centro.jpg","width":2500,"height":1033,"caption":"Soccey"},"image":{"@id":"https:\/\/socceysport.com\/#\/schema\/logo\/image\/"}}]}},"_links":{"self":[{"href":"https:\/\/socceysport.com\/en\/wp-json\/wp\/v2\/pages\/3526"}],"collection":[{"href":"https:\/\/socceysport.com\/en\/wp-json\/wp\/v2\/pages"}],"about":[{"href":"https:\/\/socceysport.com\/en\/wp-json\/wp\/v2\/types\/page"}],"author":[{"embeddable":true,"href":"https:\/\/socceysport.com\/en\/wp-json\/wp\/v2\/users\/2"}],"replies":[{"embeddable":true,"href":"https:\/\/socceysport.com\/en\/wp-json\/wp\/v2\/comments?post=3526"}],"version-history":[{"count":7,"href":"https:\/\/socceysport.com\/en\/wp-json\/wp\/v2\/pages\/3526\/revisions"}],"predecessor-version":[{"id":3533,"href":"https:\/\/socceysport.com\/en\/wp-json\/wp\/v2\/pages\/3526\/revisions\/3533"}],"wp:attachment":[{"href":"https:\/\/socceysport.com\/en\/wp-json\/wp\/v2\/media?parent=3526"}],"curies":[{"name":"wp","href":"https:\/\/api.w.org\/{rel}","templated":true}]}}