{"id":168,"date":"2018-06-19T13:42:19","date_gmt":"2018-06-19T13:42:19","guid":{"rendered":"https:\/\/socceysport.com\/producto\/rockstar-legend-red-printed-tshirt\/"},"modified":"2024-09-06T17:54:18","modified_gmt":"2024-09-06T17:54:18","slug":"banera-de-hielo-soccey","status":"publish","type":"product","link":"https:\/\/socceysport.com\/en\/banera-de-hielo-soccey\/","title":{"rendered":"Portable Ice Bath for Athletes"},"content":{"rendered":"","protected":false},"excerpt":{"rendered":"<p>Combat muscle soreness, enhance performance, and speed up recovery with SOCCEY's portable ice bath therapy. Ideal for athletes and sports enthusiasts.<\/p>","protected":false},"featured_media":3294,"comment_status":"open","ping_status":"closed","template":"","meta":{"site-sidebar-layout":"default","site-content-layout":"default","ast-site-content-layout":"default","site-content-style":"default","site-sidebar-style":"default","ast-global-header-display":"","ast-banner-title-visibility":"","ast-main-header-display":"","ast-hfb-above-header-display":"","ast-hfb-below-header-display":"","ast-hfb-mobile-header-display":"","site-post-title":"","ast-breadcrumbs-content":"","ast-featured-img":"","footer-sml-layout":"","theme-transparent-header-meta":"default","adv-header-id-meta":"","stick-header-meta":"default","header-above-stick-meta":"","header-main-stick-meta":"","header-below-stick-meta":"","astra-migrate-meta-layouts":"set","ast-page-background-enabled":"default","ast-page-background-meta":{"desktop":{"background-color":"","background-image":"","background-repeat":"repeat","background-position":"center center","background-size":"auto","background-attachment":"scroll","background-type":"","background-media":"","overlay-type":"","overlay-color":"","overlay-opacity":"","overlay-gradient":""},"tablet":{"background-color":"","background-image":"","background-repeat":"repeat","background-position":"center center","background-size":"auto","background-attachment":"scroll","background-type":"","background-media":"","overlay-type":"","overlay-color":"","overlay-opacity":"","overlay-gradient":""},"mobile":{"background-color":"","background-image":"","background-repeat":"repeat","background-position":"center center","background-size":"auto","background-attachment":"scroll","background-type":"","background-media":"","overlay-type":"","overlay-color":"","overlay-opacity":"","overlay-gradient":""}},"ast-content-background-meta":{"desktop":{"background-color":"var(--ast-global-color-5)","background-image":"","background-repeat":"repeat","background-position":"center center","background-size":"auto","background-attachment":"scroll","background-type":"","background-media":"","overlay-type":"","overlay-color":"","overlay-opacity":"","overlay-gradient":""},"tablet":{"background-color":"var(--ast-global-color-5)","background-image":"","background-repeat":"repeat","background-position":"center center","background-size":"auto","background-attachment":"scroll","background-type":"","background-media":"","overlay-type":"","overlay-color":"","overlay-opacity":"","overlay-gradient":""},"mobile":{"background-color":"var(--ast-global-color-5)","background-image":"","background-repeat":"repeat","background-position":"center center","background-size":"auto","background-attachment":"scroll","background-type":"","background-media":"","overlay-type":"","overlay-color":"","overlay-opacity":"","overlay-gradient":""}}},"product_cat":[29],"product_tag":[],"yoast_head":"<!-- This site is optimized with the Yoast SEO plugin v22.8 - https:\/\/yoast.com\/wordpress\/plugins\/seo\/ -->\n<title>Ba\u00f1era de hielo port\u00e1til para atletas | Soccey<\/title>\n<meta name=\"description\" content=\"Terapia de Fr\u00edo Port\u00e1til para la Recuperaci\u00f3n Muscular Descubra la soluci\u00f3n \u00f3ptima para la recuperaci\u00f3n muscular post-entrenamiento.\" \/>\n<meta name=\"robots\" content=\"index, follow, max-snippet:-1, max-image-preview:large, max-video-preview:-1\" \/>\n<link rel=\"canonical\" href=\"https:\/\/socceysport.com\/en\/banera-de-hielo-soccey\/\" \/>\n<meta property=\"og:locale\" content=\"en_US\" \/>\n<meta property=\"og:type\" content=\"article\" \/>\n<meta property=\"og:title\" content=\"Ba\u00f1era de hielo port\u00e1til para atletas | Soccey\" \/>\n<meta property=\"og:description\" content=\"Terapia de Fr\u00edo Port\u00e1til para la Recuperaci\u00f3n Muscular Descubra la soluci\u00f3n \u00f3ptima para la recuperaci\u00f3n muscular post-entrenamiento.\" \/>\n<meta property=\"og:url\" content=\"https:\/\/socceysport.com\/en\/banera-de-hielo-soccey\/\" \/>\n<meta property=\"og:site_name\" content=\"Soccey\" \/>\n<meta property=\"article:modified_time\" content=\"2024-09-06T17:54:18+00:00\" \/>\n<meta property=\"og:image\" content=\"https:\/\/socceysport.com\/wp-content\/uploads\/2018\/06\/Banera-de-Hielo-SOCCEY.webp\" \/>\n\t<meta property=\"og:image:width\" content=\"1080\" \/>\n\t<meta property=\"og:image:height\" content=\"1350\" \/>\n\t<meta property=\"og:image:type\" content=\"image\/webp\" \/>\n<meta name=\"twitter:card\" content=\"summary_large_image\" \/>\n<meta name=\"twitter:label1\" content=\"Est. reading time\" \/>\n\t<meta name=\"twitter:data1\" content=\"1 minute\" \/>\n<script type=\"application\/ld+json\" class=\"yoast-schema-graph\">{\"@context\":\"https:\/\/schema.org\",\"@graph\":[{\"@type\":\"WebPage\",\"@id\":\"https:\/\/socceysport.com\/banera-de-hielo-soccey\/\",\"url\":\"https:\/\/socceysport.com\/banera-de-hielo-soccey\/\",\"name\":\"Ba\u00f1era de hielo port\u00e1til para atletas | Soccey\",\"isPartOf\":{\"@id\":\"https:\/\/socceysport.com\/#website\"},\"primaryImageOfPage\":{\"@id\":\"https:\/\/socceysport.com\/banera-de-hielo-soccey\/#primaryimage\"},\"image\":{\"@id\":\"https:\/\/socceysport.com\/banera-de-hielo-soccey\/#primaryimage\"},\"thumbnailUrl\":\"https:\/\/socceysport.com\/wp-content\/uploads\/2018\/06\/Banera-de-Hielo-SOCCEY.webp\",\"datePublished\":\"2018-06-19T13:42:19+00:00\",\"dateModified\":\"2024-09-06T17:54:18+00:00\",\"description\":\"Terapia de Fr\u00edo Port\u00e1til para la Recuperaci\u00f3n Muscular Descubra la soluci\u00f3n \u00f3ptima para la recuperaci\u00f3n muscular post-entrenamiento.\",\"breadcrumb\":{\"@id\":\"https:\/\/socceysport.com\/banera-de-hielo-soccey\/#breadcrumb\"},\"inLanguage\":\"en-US\",\"potentialAction\":[{\"@type\":\"ReadAction\",\"target\":[\"https:\/\/socceysport.com\/banera-de-hielo-soccey\/\"]}]},{\"@type\":\"ImageObject\",\"inLanguage\":\"en-US\",\"@id\":\"https:\/\/socceysport.com\/banera-de-hielo-soccey\/#primaryimage\",\"url\":\"https:\/\/socceysport.com\/wp-content\/uploads\/2018\/06\/Banera-de-Hielo-SOCCEY.webp\",\"contentUrl\":\"https:\/\/socceysport.com\/wp-content\/uploads\/2018\/06\/Banera-de-Hielo-SOCCEY.webp\",\"width\":1080,\"height\":1350},{\"@type\":\"BreadcrumbList\",\"@id\":\"https:\/\/socceysport.com\/banera-de-hielo-soccey\/#breadcrumb\",\"itemListElement\":[{\"@type\":\"ListItem\",\"position\":1,\"name\":\"Portada\",\"item\":\"https:\/\/socceysport.com\/\"},{\"@type\":\"ListItem\",\"position\":2,\"name\":\"Tienda\",\"item\":\"https:\/\/socceysport.com\/tienda\/\"},{\"@type\":\"ListItem\",\"position\":3,\"name\":\"Ba\u00f1era de hielo port\u00e1til para atletas\"}]},{\"@type\":\"WebSite\",\"@id\":\"https:\/\/socceysport.com\/#website\",\"url\":\"https:\/\/socceysport.com\/\",\"name\":\"Soccey\",\"description\":\"Soccey Sport\",\"publisher\":{\"@id\":\"https:\/\/socceysport.com\/#organization\"},\"potentialAction\":[{\"@type\":\"SearchAction\",\"target\":{\"@type\":\"EntryPoint\",\"urlTemplate\":\"https:\/\/socceysport.com\/?s={search_term_string}\"},\"query-input\":\"required name=search_term_string\"}],\"inLanguage\":\"en-US\"},{\"@type\":\"Organization\",\"@id\":\"https:\/\/socceysport.com\/#organization\",\"name\":\"Soccey\",\"url\":\"https:\/\/socceysport.com\/\",\"logo\":{\"@type\":\"ImageObject\",\"inLanguage\":\"en-US\",\"@id\":\"https:\/\/socceysport.com\/#\/schema\/logo\/image\/\",\"url\":\"https:\/\/socceysport.com\/wp-content\/uploads\/2024\/05\/Logo-Soccey-Centro.jpg\",\"contentUrl\":\"https:\/\/socceysport.com\/wp-content\/uploads\/2024\/05\/Logo-Soccey-Centro.jpg\",\"width\":2500,\"height\":1033,\"caption\":\"Soccey\"},\"image\":{\"@id\":\"https:\/\/socceysport.com\/#\/schema\/logo\/image\/\"}}]}<\/script>\n<!-- \/ Yoast SEO plugin. -->","yoast_head_json":{"title":"Ba\u00f1era de hielo port\u00e1til para atletas | Soccey","description":"Terapia de Fr\u00edo Port\u00e1til para la Recuperaci\u00f3n Muscular Descubra la soluci\u00f3n \u00f3ptima para la recuperaci\u00f3n muscular post-entrenamiento.","robots":{"index":"index","follow":"follow","max-snippet":"max-snippet:-1","max-image-preview":"max-image-preview:large","max-video-preview":"max-video-preview:-1"},"canonical":"https:\/\/socceysport.com\/en\/banera-de-hielo-soccey\/","og_locale":"en_US","og_type":"article","og_title":"Ba\u00f1era de hielo port\u00e1til para atletas | Soccey","og_description":"Terapia de Fr\u00edo Port\u00e1til para la Recuperaci\u00f3n Muscular Descubra la soluci\u00f3n \u00f3ptima para la recuperaci\u00f3n muscular post-entrenamiento.","og_url":"https:\/\/socceysport.com\/en\/banera-de-hielo-soccey\/","og_site_name":"Soccey","article_modified_time":"2024-09-06T17:54:18+00:00","og_image":[{"width":1080,"height":1350,"url":"https:\/\/socceysport.com\/wp-content\/uploads\/2018\/06\/Banera-de-Hielo-SOCCEY.webp","type":"image\/webp"}],"twitter_card":"summary_large_image","twitter_misc":{"Est. reading time":"1 minute"},"schema":{"@context":"https:\/\/schema.org","@graph":[{"@type":"WebPage","@id":"https:\/\/socceysport.com\/banera-de-hielo-soccey\/","url":"https:\/\/socceysport.com\/banera-de-hielo-soccey\/","name":"Ba\u00f1era de hielo port\u00e1til para atletas | Soccey","isPartOf":{"@id":"https:\/\/socceysport.com\/#website"},"primaryImageOfPage":{"@id":"https:\/\/socceysport.com\/banera-de-hielo-soccey\/#primaryimage"},"image":{"@id":"https:\/\/socceysport.com\/banera-de-hielo-soccey\/#primaryimage"},"thumbnailUrl":"https:\/\/socceysport.com\/wp-content\/uploads\/2018\/06\/Banera-de-Hielo-SOCCEY.webp","datePublished":"2018-06-19T13:42:19+00:00","dateModified":"2024-09-06T17:54:18+00:00","description":"Terapia de Fr\u00edo Port\u00e1til para la Recuperaci\u00f3n Muscular Descubra la soluci\u00f3n \u00f3ptima para la recuperaci\u00f3n muscular post-entrenamiento.","breadcrumb":{"@id":"https:\/\/socceysport.com\/banera-de-hielo-soccey\/#breadcrumb"},"inLanguage":"en-US","potentialAction":[{"@type":"ReadAction","target":["https:\/\/socceysport.com\/banera-de-hielo-soccey\/"]}]},{"@type":"ImageObject","inLanguage":"en-US","@id":"https:\/\/socceysport.com\/banera-de-hielo-soccey\/#primaryimage","url":"https:\/\/socceysport.com\/wp-content\/uploads\/2018\/06\/Banera-de-Hielo-SOCCEY.webp","contentUrl":"https:\/\/socceysport.com\/wp-content\/uploads\/2018\/06\/Banera-de-Hielo-SOCCEY.webp","width":1080,"height":1350},{"@type":"BreadcrumbList","@id":"https:\/\/socceysport.com\/banera-de-hielo-soccey\/#breadcrumb","itemListElement":[{"@type":"ListItem","position":1,"name":"Portada","item":"https:\/\/socceysport.com\/"},{"@type":"ListItem","position":2,"name":"Tienda","item":"https:\/\/socceysport.com\/tienda\/"},{"@type":"ListItem","position":3,"name":"Ba\u00f1era de hielo port\u00e1til para atletas"}]},{"@type":"WebSite","@id":"https:\/\/socceysport.com\/#website","url":"https:\/\/socceysport.com\/","name":"Soccey","description":"Soccey Sport","publisher":{"@id":"https:\/\/socceysport.com\/#organization"},"potentialAction":[{"@type":"SearchAction","target":{"@type":"EntryPoint","urlTemplate":"https:\/\/socceysport.com\/?s={search_term_string}"},"query-input":"required name=search_term_string"}],"inLanguage":"en-US"},{"@type":"Organization","@id":"https:\/\/socceysport.com\/#organization","name":"Soccey","url":"https:\/\/socceysport.com\/","logo":{"@type":"ImageObject","inLanguage":"en-US","@id":"https:\/\/socceysport.com\/#\/schema\/logo\/image\/","url":"https:\/\/socceysport.com\/wp-content\/uploads\/2024\/05\/Logo-Soccey-Centro.jpg","contentUrl":"https:\/\/socceysport.com\/wp-content\/uploads\/2024\/05\/Logo-Soccey-Centro.jpg","width":2500,"height":1033,"caption":"Soccey"},"image":{"@id":"https:\/\/socceysport.com\/#\/schema\/logo\/image\/"}}]}},"_links":{"self":[{"href":"https:\/\/socceysport.com\/en\/wp-json\/wp\/v2\/product\/168"}],"collection":[{"href":"https:\/\/socceysport.com\/en\/wp-json\/wp\/v2\/product"}],"about":[{"href":"https:\/\/socceysport.com\/en\/wp-json\/wp\/v2\/types\/product"}],"replies":[{"embeddable":true,"href":"https:\/\/socceysport.com\/en\/wp-json\/wp\/v2\/comments?post=168"}],"wp:featuredmedia":[{"embeddable":true,"href":"https:\/\/socceysport.com\/en\/wp-json\/wp\/v2\/media\/3294"}],"wp:attachment":[{"href":"https:\/\/socceysport.com\/en\/wp-json\/wp\/v2\/media?parent=168"}],"wp:term":[{"taxonomy":"product_cat","embeddable":true,"href":"https:\/\/socceysport.com\/en\/wp-json\/wp\/v2\/product_cat?post=168"},{"taxonomy":"product_tag","embeddable":true,"href":"https:\/\/socceysport.com\/en\/wp-json\/wp\/v2\/product_tag?post=168"}],"curies":[{"name":"wp","href":"https:\/\/api.w.org\/{rel}","templated":true}]}}